{"id":987,"date":"2018-05-21T15:41:25","date_gmt":"2018-05-21T13:41:25","guid":{"rendered":"http:\/\/www.carlucciotrasporti.com\/en\/?page_id=987"},"modified":"2018-05-21T15:41:25","modified_gmt":"2018-05-21T13:41:25","slug":"privacy-policy","status":"publish","type":"page","link":"https:\/\/www.carlucciotrasporti.com\/en\/privacy-policy\/","title":{"rendered":"Privacy Policy"},"content":{"rendered":"<p>I Dati Personali sono raccolti per le seguenti finalit\u00e0 ed utilizzando i seguenti servizi:<br \/>\nModulo di contatto<br \/>\nL\u2019Utente, compilando con i propri Dati il modulo di contatto, acconsente al loro utilizzo per rispondere alle richieste di informazioni, di preventivo, o di qualunque altra natura indicata dall\u2019intestazione del modulo.<br \/>\nDati personali raccolti: Cognome, Email, Nome e Numero di Telefono.<\/p>\n<p>Interazione con i social network<\/p>\n<p>Questi servizi permettono di effettuare interazioni con i social network, o con altre piattaforme esterne, direttamente dalle pagine di questa Applicazione.<br \/>\nLe interazioni e le informazioni acquisite da questa Applicazione sono in ogni caso soggette alle impostazioni privacy dell\u2019Utente relative ad ogni social network.<br \/>\nNel caso in cui sia installato un servizio di interazione con i social network, \u00e8 possibile che, anche nel caso gli Utenti non utilizzino il servizio, lo stesso raccolga dati di traffico relativi alle pagine in cui \u00e8 installato.<br \/>\nPulsante Mi Piace e widget sociali di Facebook (Facebook, Inc.)<br \/>\nIl pulsante \u201cMi Piace\u201d e i widget sociali di Facebook sono servizi di interazione con il social network Facebook, forniti da Facebook, Inc.<br \/>\nDati personali raccolti: Cookie e Dati di utilizzo.<br \/>\nLuogo del trattamento: USA \u2013 Privacy Policy<br \/>\nPulsante Tweet e widget sociali di Twitter (Twitter, Inc.)<br \/>\nIl pulsante Tweet e i widget sociali di Twitter sono servizi di interazione con il social network Twitter, forniti da Twitter, Inc.<br \/>\nDati personali raccolti: Cookie e Dati di utilizzo.<br \/>\nLuogo del trattamento: USA \u2013 Privacy Policy<br \/>\nStatistica<br \/>\nI servizi contenuti nella presente sezione permettono al Titolare del Trattamento di monitorare e analizzare i dati di traffico e servono a tener traccia del comportamento dell\u2019Utente.<br \/>\nGoogle Analytics con IP anonimizzato (Google Inc.)<br \/>\nGoogle Analytics \u00e8 un servizio di analisi web fornito da Google Inc. (\u201cGoogle\u201d). Google utilizza i Dati Personali raccolti allo scopo di tracciare ed esaminare l\u2019utilizzo di questa Applicazione, compilare report e condividerli con gli altri servizi sviluppati da Google.<br \/>\nGoogle potrebbe utilizzare i Dati Personali per contestualizzare e personalizzare gli annunci del proprio network pubblicitario.<br \/>\nQuesta integrazione di Google Analytics rende anonimo il tuo indirizzo IP. L\u2019anonimizzazione funziona abbreviando entro i confini degli Stati Membri dell\u2019Unione Europea o in altri Paesi aderenti all\u2019accordo sullo Spazio Economico Europeo l\u2019indirizzo IP degli Utenti. Solo in casi eccezionali, l\u2019indirizzo IP sar\u00e0 inviato ai server di Google ed abbreviato all\u2019interno degli Stati Uniti.<br \/>\nDati personali raccolti: Cookie e Dati di utilizzo.<br \/>\nLuogo del trattamento: USA \u2013 Privacy Policy \u2013 Opt Out<br \/>\nIl sito web utilizza cookie e tecnologie simili per garantire il corretto funzionamento delle procedure e migliorare l\u2019esperienza di uso delle applicazioni online. Il presente documento fornisce informazioni dettagliate sull\u2019uso dei cookie e di tecnologie similari, su come sono utilizzati e su come gestirli.<br \/>\nDefinizioni<br \/>\nI cookie sono brevi frammenti di testo (lettere e\/o numeri) che permettono al server web di memorizzare sul client (il browser) informazioni da riutilizzare nel corso della medesima visita al sito (cookie di sessione) o in seguito, anche a distanza di giorni (cookie persistenti). I cookie vengono memorizzati, in base alle preferenze dell\u2019utente, dal singolo browser sullo specifico dispositivo utilizzato (computer, tablet, smartphone).<br \/>\nTecnologie similari, come, ad esempio, web beacon, GIF trasparenti e tutte le forme di storage locale introdotte con HTML5, sono utilizzabili per raccogliere informazioni sul comportamento dell\u2019utente e sull\u2019utilizzo dei servizi.<br \/>\nNel seguito di questo documento faremo riferimento ai cookie e a tutte le tecnologie similari utilizzando semplicemente il termine \u201ccookie\u201d.<br \/>\nTipologie di cookie<br \/>\nIn base alle caratteristiche e all\u2019utilizzo dei cookie possiamo distinguere diverse categorie:<br \/>\nCookie strettamente necessari. Si tratta di cookie indispensabili per il corretto funzionamento dei siti e sono utilizzati per gestire il login e l\u2019accesso alle funzioni riservate del sito. La durata dei cookie \u00e8 strettamente limitata alla sessione di lavoro (chiuso il browser vengono cancellati<br \/>\nCookie di analisi e prestazioni. Sono cookie utilizzati per raccogliere e analizzare il traffico e l\u2019utilizzo del sito in modo anonimo. Questi cookie, pur senza identificare l\u2019utente, consentono, per esempio, di rilevare se il medesimo utente torna a collegarsi in momenti diversi. Permettono inoltre di monitorare il sistema e migliorarne le prestazioni e l\u2019usabilit\u00e0. La disattivazione di tali cookie pu\u00f2 essere eseguita senza alcuna perdita di funzionalit\u00e0.<br \/>\nCookie di profilazione. Si tratta di cookie permanenti utilizzati per identificare (in modo anonimo e non) le preferenze dell\u2019utente e migliorare la sua esperienza di navigazione. Il sito non utilizza cookie di questo tipo.<br \/>\nCookie di terze parti<br \/>\nVisitando un sito web si possono ricevere cookie sia dal sito visitato (\u201cproprietari\u201d), sia da siti gestiti da altre organizzazioni (\u201cterze parti\u201d). Un esempio notevole \u00e8 rappresentato dalla presenza dei \u201csocial plugin\u201d Social Network. Si tratta di parti della pagina visitata generate direttamente dai suddetti siti ed integrati nella pagina del sito ospitante. L\u2019utilizzo pi\u00f9 comune dei social plugin \u00e8 finalizzato alla condivisione dei contenuti sui social network.<br \/>\nLa presenza di questi plugin comporta la trasmissione di cookie da e verso tutti i siti gestiti da terze parti. La gestione delle informazioni raccolte da \u201cterze parti\u201d \u00e8 disciplinata dalle relative informative cui si prega di fare riferimento. Per garantire una maggiore trasparenza e comodit\u00e0, si riportano qui di seguito gli indirizzi web delle diverse informative e delle modalit\u00e0 per la gestione dei cookie.<br \/>\nFacebook informativa:\u00a0<a href=\"http:\/\/www.facebook.com\/help\/cookies\/\">https:\/\/www.facebook.com\/help\/cookies\/<\/a><br \/>\nTwitter informative:\u00a0<a href=\"https:\/\/support.twitter.com\/articles\/20170514\">https:\/\/support.twitter.com\/articles\/20170514<br \/>\n<\/a>Google+ informativa:\u00a0<a href=\"http:\/\/www.google.it\/intl\/it\/policies\/technologies\/cookies\/\">http:\/\/www.google.it\/intl\/it\/policies\/technologies\/cookies\/<\/a><br \/>\nYoutube informativa:\u00a0<a href=\"https:\/\/www.google.it\/intl\/it\/policies\/technologies\/cookies\/\">https:\/\/www.google.it\/intl\/it\/policies\/technologies\/cookies\/<br \/>\n<\/a>interest Informativa:\u00a0<a href=\"http:\/\/about.pinterest.com\/it\/privacy-policy\">https:\/\/about.pinterest.com\/it\/privacy-policy<\/a><br \/>\nFlickr informativa:\u00a0<a href=\"https:\/\/info.yahoo.com\/privacy\/uk\/yahoo\/cookies\/\">https:\/\/info.yahoo.com\/privacy\/uk\/yahoo\/cookies\/<\/a><br \/>\nGoogle Analytics<br \/>\nIl sito include anche talune componenti trasmesse da Google Analytics, un servizio di analisi del traffico web fornito da Google, Inc. (\u201cGoogle\u201d). Anche in questo caso si tratta di cookie di terze parti raccolti e gestiti in modo anonimo per monitorare e migliorare le prestazioni del sito ospite (performance cookie). Google Analytics utilizza i \u201ccookie\u201d per raccogliere e analizzare in forma anonima le informazioni sui comportamenti di utilizzo dei siti web\u00a0 (compreso l\u2019indirizzo IP dell\u2019utente). Tali informazioni vengono raccolte da Google Analytics, che le elabora allo scopo di redigere report per gli operatori riguardanti le attivit\u00e0 sui siti web stessi. Questo sito non utilizza (e non consente a terzi di utilizzare) lo strumento di analisi di Google per monitorare o per raccogliere informazioni personali di identificazione. Google non associa l\u2019indirizzo IP a nessun altro dato posseduto da Google n\u00e9 cerca di collegare un indirizzo IP con l\u2019identit\u00e0 di un utente. Google pu\u00f2 anche comunicare queste informazioni a terzi ove ci\u00f2 sia imposto dalla legge o laddove tali terzi trattino le suddette informazioni per conto di Google.<br \/>\nPer ulteriori informazioni, si rinvia al link di seguito indicato:<br \/>\n<a href=\"https:\/\/www.google.it\/policies\/privacy\/partners\/\">https:\/\/www.google.it\/policies\/privacy\/partners\/<br \/>\n<\/a>L\u2019utente pu\u00f2 disabilitare in modo selettivo l\u2019azione di Google Analytics installando sul proprio browser la componente di opt-out fornito da Google. Per disabilitare l\u2019azione di Google Analytics, si rinvia al link di seguito indicato:<br \/>\n<a href=\"https:\/\/tools.google.com\/dlpage\/gaoptout\">https:\/\/tools.google.com\/dlpage\/gaoptout<\/a><br \/>\nDurata dei cookie<br \/>\nAlcuni cookie (cookie di sessione) restano attivi solo fino alla chiusura del browser o all\u2019esecuzione del comando di logout. Altri cookie \u201csopravvivono\u201d alla chiusura del browser e sono disponibili anche in successive visite dell\u2019utente.<br \/>\nQuesti cookie sono detti persistenti e la loro durata \u00e8 fissata dal server al momento della loro creazione. In alcuni casi \u00e8 fissata una scadenza, in altri casi la durata \u00e8 illimitata. Il sito\u00a0 in relazione alle informazioni sono memorizzate esclusivamente per finalit\u00e0 tecniche, non fa uso di cookie persistenti.<br \/>\nTuttavia, navigando sulle pagine dei siti web, si pu\u00f2 interagire con siti gestiti da terze parti che possono creare o modificare cookie permanenti e di profilazione.<br \/>\nGestione dei cookie<br \/>\nL\u2019utente pu\u00f2 decidere se accettare o meno i cookie utilizzando le impostazioni del proprio browser. Attenzione: la disabilitazione totale o parziale dei cookie tecnici pu\u00f2 compromettere l\u2019utilizzo delle funzionalit\u00e0 del sito riservate agli utenti registrati. Al contrario, la fruibilit\u00e0 dei contenuti pubblici \u00e8 possibile anche disabilitando completamente i cookie.<br \/>\nLa disabilitazione dei cookie \u201cterze parti\u201d non pregiudica in alcun modo la navigabilit\u00e0.<br \/>\nL\u2019impostazione pu\u00f2 essere definita in modo specifico per i diversi siti e applicazioni web. Inoltre i migliori browser consentono di definire impostazioni diverse per i cookie \u201cproprietari\u201d e per quelli di \u201cterze parti\u201d. A titolo di esempio, in Firefox, attraverso il menu Strumenti-&gt;Opzioni -&gt;Privacy, \u00e8 possibile accedere ad un pannello di controllo dove \u00e8 possibile definire se accettare o meno i diversi tipi di cookie e procedere alla loro rimozione.<br \/>\nChrome:\u00a0<a href=\"https:\/\/support.google.com\/chrome\/answer\/95647?hl=it\">https:\/\/support.google.com\/chrome\/answer\/95647?hl=it<\/a><br \/>\nFirefox:\u00a0<a href=\"https:\/\/support.mozilla.org\/it\/kb\/Gestione%20dei%20cookie\">https:\/\/support.mozilla.org\/it\/kb\/Gestione%20dei%20cookie<br \/>\n<\/a>Internet Explorer:\u00a0<a href=\"http:\/\/windows.microsoft.com\/it-it\/windows7\/how-to-manage-cookies-in-internet-explorer-9\">http:\/\/windows.microsoft.com\/it-it\/windows7\/how-to-manage-cookies-in-internet-explorer-9<\/a><br \/>\nOpera:\u00a0<a href=\"http:\/\/help.opera.com\/Windows\/10.00\/it\/cookies.html\">http:\/\/help.opera.com\/Windows\/10.00\/it\/cookies.html<br \/>\n<\/a>Safari:\u00a0<a href=\"http:\/\/support.apple.com\/kb\/HT1677?viewlocale=it_IT\">http:\/\/support.apple.com\/kb\/HT1677?viewlocale=it_IT<\/a><\/p>\n","protected":false},"excerpt":{"rendered":"<p>I Dati Personali sono raccolti per le seguenti finalit\u00e0 ed utilizzando&#8230;<\/p>\n","protected":false},"author":2,"featured_media":0,"parent":0,"menu_order":0,"comment_status":"closed","ping_status":"closed","template":"","meta":{"footnotes":""},"class_list":["post-987","page","type-page","status-publish","hentry"],"yoast_head":"<!-- This site is optimized with the Yoast SEO plugin v25.1 - https:\/\/yoast.com\/wordpress\/plugins\/seo\/ -->\n<title>Privacy Policy - Carluccio Trasporti<\/title>\n<meta name=\"robots\" content=\"index, follow, max-snippet:-1, max-image-preview:large, max-video-preview:-1\" \/>\n<link rel=\"canonical\" href=\"https:\/\/www.carlucciotrasporti.com\/privacy-policy\/\" \/>\n<meta property=\"og:locale\" content=\"en_US\" \/>\n<meta property=\"og:type\" content=\"article\" \/>\n<meta property=\"og:title\" content=\"Privacy Policy - Carluccio Trasporti\" \/>\n<meta property=\"og:description\" content=\"I Dati Personali sono raccolti per le seguenti finalit\u00e0 ed utilizzando...\" \/>\n<meta property=\"og:url\" content=\"https:\/\/www.carlucciotrasporti.com\/privacy-policy\/\" \/>\n<meta property=\"og:site_name\" content=\"Carluccio Trasporti\" \/>\n<meta name=\"twitter:card\" content=\"summary_large_image\" \/>\n<meta name=\"twitter:label1\" content=\"Est. reading time\" \/>\n\t<meta name=\"twitter:data1\" content=\"7 minutes\" \/>\n<script type=\"application\/ld+json\" class=\"yoast-schema-graph\">{\"@context\":\"https:\/\/schema.org\",\"@graph\":[{\"@type\":\"WebPage\",\"@id\":\"https:\/\/www.carlucciotrasporti.com\/privacy-policy\/\",\"url\":\"https:\/\/www.carlucciotrasporti.com\/privacy-policy\/\",\"name\":\"Privacy Policy - Carluccio Trasporti\",\"isPartOf\":{\"@id\":\"https:\/\/www.carlucciotrasporti.com\/#website\"},\"datePublished\":\"2018-05-21T13:41:25+00:00\",\"breadcrumb\":{\"@id\":\"https:\/\/www.carlucciotrasporti.com\/privacy-policy\/#breadcrumb\"},\"inLanguage\":\"en-US\",\"potentialAction\":[{\"@type\":\"ReadAction\",\"target\":[\"https:\/\/www.carlucciotrasporti.com\/privacy-policy\/\"]}]},{\"@type\":\"BreadcrumbList\",\"@id\":\"https:\/\/www.carlucciotrasporti.com\/privacy-policy\/#breadcrumb\",\"itemListElement\":[{\"@type\":\"ListItem\",\"position\":1,\"name\":\"Home\",\"item\":\"https:\/\/www.carlucciotrasporti.com\/en\/\"},{\"@type\":\"ListItem\",\"position\":2,\"name\":\"Privacy Policy\"}]},{\"@type\":\"WebSite\",\"@id\":\"https:\/\/www.carlucciotrasporti.com\/#website\",\"url\":\"https:\/\/www.carlucciotrasporti.com\/\",\"name\":\"Carluccio Trasporti\",\"description\":false,\"potentialAction\":[{\"@type\":\"SearchAction\",\"target\":{\"@type\":\"EntryPoint\",\"urlTemplate\":\"https:\/\/www.carlucciotrasporti.com\/?s={search_term_string}\"},\"query-input\":{\"@type\":\"PropertyValueSpecification\",\"valueRequired\":true,\"valueName\":\"search_term_string\"}}],\"inLanguage\":\"en-US\"}]}<\/script>\n<!-- \/ Yoast SEO plugin. -->","yoast_head_json":{"title":"Privacy Policy - Carluccio Trasporti","robots":{"index":"index","follow":"follow","max-snippet":"max-snippet:-1","max-image-preview":"max-image-preview:large","max-video-preview":"max-video-preview:-1"},"canonical":"https:\/\/www.carlucciotrasporti.com\/privacy-policy\/","og_locale":"en_US","og_type":"article","og_title":"Privacy Policy - Carluccio Trasporti","og_description":"I Dati Personali sono raccolti per le seguenti finalit\u00e0 ed utilizzando...","og_url":"https:\/\/www.carlucciotrasporti.com\/privacy-policy\/","og_site_name":"Carluccio Trasporti","twitter_card":"summary_large_image","twitter_misc":{"Est. reading time":"7 minutes"},"schema":{"@context":"https:\/\/schema.org","@graph":[{"@type":"WebPage","@id":"https:\/\/www.carlucciotrasporti.com\/privacy-policy\/","url":"https:\/\/www.carlucciotrasporti.com\/privacy-policy\/","name":"Privacy Policy - Carluccio Trasporti","isPartOf":{"@id":"https:\/\/www.carlucciotrasporti.com\/#website"},"datePublished":"2018-05-21T13:41:25+00:00","breadcrumb":{"@id":"https:\/\/www.carlucciotrasporti.com\/privacy-policy\/#breadcrumb"},"inLanguage":"en-US","potentialAction":[{"@type":"ReadAction","target":["https:\/\/www.carlucciotrasporti.com\/privacy-policy\/"]}]},{"@type":"BreadcrumbList","@id":"https:\/\/www.carlucciotrasporti.com\/privacy-policy\/#breadcrumb","itemListElement":[{"@type":"ListItem","position":1,"name":"Home","item":"https:\/\/www.carlucciotrasporti.com\/en\/"},{"@type":"ListItem","position":2,"name":"Privacy Policy"}]},{"@type":"WebSite","@id":"https:\/\/www.carlucciotrasporti.com\/#website","url":"https:\/\/www.carlucciotrasporti.com\/","name":"Carluccio Trasporti","description":false,"potentialAction":[{"@type":"SearchAction","target":{"@type":"EntryPoint","urlTemplate":"https:\/\/www.carlucciotrasporti.com\/?s={search_term_string}"},"query-input":{"@type":"PropertyValueSpecification","valueRequired":true,"valueName":"search_term_string"}}],"inLanguage":"en-US"}]}},"_links":{"self":[{"href":"https:\/\/www.carlucciotrasporti.com\/en\/wp-json\/wp\/v2\/pages\/987","targetHints":{"allow":["GET"]}}],"collection":[{"href":"https:\/\/www.carlucciotrasporti.com\/en\/wp-json\/wp\/v2\/pages"}],"about":[{"href":"https:\/\/www.carlucciotrasporti.com\/en\/wp-json\/wp\/v2\/types\/page"}],"author":[{"embeddable":true,"href":"https:\/\/www.carlucciotrasporti.com\/en\/wp-json\/wp\/v2\/users\/2"}],"replies":[{"embeddable":true,"href":"https:\/\/www.carlucciotrasporti.com\/en\/wp-json\/wp\/v2\/comments?post=987"}],"version-history":[{"count":1,"href":"https:\/\/www.carlucciotrasporti.com\/en\/wp-json\/wp\/v2\/pages\/987\/revisions"}],"predecessor-version":[{"id":988,"href":"https:\/\/www.carlucciotrasporti.com\/en\/wp-json\/wp\/v2\/pages\/987\/revisions\/988"}],"wp:attachment":[{"href":"https:\/\/www.carlucciotrasporti.com\/en\/wp-json\/wp\/v2\/media?parent=987"}],"curies":[{"name":"wp","href":"https:\/\/api.w.org\/{rel}","templated":true}]}}